{"id":25,"date":"2026-04-03T21:56:41","date_gmt":"2026-04-03T20:56:41","guid":{"rendered":"https:\/\/autoservicesfrance.com\/?page_id=25"},"modified":"2026-04-18T11:58:00","modified_gmt":"2026-04-18T10:58:00","slug":"a-propos","status":"publish","type":"page","link":"https:\/\/autoservicesfrance.com\/index.php\/a-propos\/","title":{"rendered":"\u00c0 propos"},"content":{"rendered":"\n\n  <div class=\"banner has-hover\" id=\"banner-1352759680\">\n          <div class=\"banner-inner fill\">\n        <div class=\"banner-bg fill\" >\n            <img loading=\"lazy\" decoding=\"async\" width=\"1500\" height=\"1000\" src=\"https:\/\/autoservicesfrance.com\/wp-content\/uploads\/2026\/04\/254641.jpg\" class=\"bg attachment-original size-original\" alt=\"\" \/>                        <div class=\"overlay\"><\/div>            \n                    <\/div>\n\t\t\n        <div class=\"banner-layers container\">\n            <div class=\"fill banner-link\"><\/div>            \n\n   <div id=\"text-box-1521234435\" class=\"text-box banner-layer x50 md-x50 lg-x50 y50 md-y50 lg-y50 res-text\">\n                                <div class=\"text-box-content text dark\">\n              \n              <div class=\"text-inner text-center\">\n                  \n\n\t<div id=\"text-381447889\" class=\"text\">\n\t\t\n\n<p><strong>\u00c0 PROPOS<\/strong><\/p>\n\t\t\n<style>\n#text-381447889 {\n  color: rgb(255,255,255);\n}\n#text-381447889 > * {\n  color: rgb(255,255,255);\n}\n<\/style>\n\t<\/div>\n\t\n\n              <\/div>\n           <\/div>\n                            \n<style>\n#text-box-1521234435 {\n  width: 60%;\n}\n#text-box-1521234435 .text-box-content {\n  font-size: 100%;\n}\n<\/style>\n    <\/div>\n \n\n        <\/div>\n      <\/div>\n\n            \n<style>\n#banner-1352759680 {\n  padding-top: 500px;\n}\n#banner-1352759680 .overlay {\n  background-color: rgba(0, 0, 0, 0.5);\n}\n<\/style>\n  <\/div>\n\n\n\t<div id=\"gap-1311643199\" class=\"gap-element clearfix\" style=\"display:block; height:auto;\">\n\t\t\n<style>\n#gap-1311643199 {\n  padding-top: 20px;\n}\n<\/style>\n\t<\/div>\n\t\n\n\n\t<section class=\"section\" id=\"section_1399220844\">\n\t\t<div class=\"section-bg fill\" >\n\t\t\t\t\t\t\t\t\t<div class=\"section-bg-overlay absolute fill\"><\/div>\n\t\t\t\n\n\t\t<\/div>\n\n\t\t\n\n\t\t<div class=\"section-content relative\">\n\t\t\t\n\n<div class=\"row row-large align-center\"  id=\"row-1616439654\">\n\n\n\t<div id=\"col-470137209\" class=\"col large-12\"  >\n\t\t\t\t<div class=\"col-inner text-center\"  >\n\t\t\t\n\t\t\t\n\n\t<div class=\"img has-hover x md-x lg-x y md-y lg-y\" id=\"image_1111720040\">\n\t\t\t\t\t\t\t\t<div class=\"img-inner dark\" >\n\t\t\t<img loading=\"lazy\" decoding=\"async\" width=\"1020\" height=\"1020\" src=\"https:\/\/autoservicesfrance.com\/wp-content\/uploads\/2026\/04\/LOGO-ASF-PNG--1024x1024.png\" class=\"attachment-large size-large\" alt=\"Logo Auto Services France PNG\" srcset=\"https:\/\/autoservicesfrance.com\/wp-content\/uploads\/2026\/04\/LOGO-ASF-PNG--1024x1024.png 1024w, https:\/\/autoservicesfrance.com\/wp-content\/uploads\/2026\/04\/LOGO-ASF-PNG--300x300.png 300w, https:\/\/autoservicesfrance.com\/wp-content\/uploads\/2026\/04\/LOGO-ASF-PNG--150x150.png 150w, https:\/\/autoservicesfrance.com\/wp-content\/uploads\/2026\/04\/LOGO-ASF-PNG--768x768.png 768w, https:\/\/autoservicesfrance.com\/wp-content\/uploads\/2026\/04\/LOGO-ASF-PNG--1536x1536.png 1536w, https:\/\/autoservicesfrance.com\/wp-content\/uploads\/2026\/04\/LOGO-ASF-PNG--2048x2048.png 2048w\" sizes=\"auto, (max-width: 1020px) 100vw, 1020px\" \/>\t\t\t\t\t\t\n\t\t\t\t\t<\/div>\n\t\t\t\t\t\t\t\t\n<style>\n#image_1111720040 {\n  width: 25%;\n}\n<\/style>\n\t<\/div>\n\t\n\n\n\t\t<\/div>\n\t\t\t\t\n<style>\n#col-470137209 > .col-inner {\n  margin: 0px 0px -80px 0px;\n}\n<\/style>\n\t<\/div>\n\n\t\n\n\t<div id=\"col-1178916950\" class=\"col small-12 large-12\"  >\n\t\t\t\t<div class=\"col-inner text-center\"  >\n\t\t\t\n\t\t\t\n\n\t<div id=\"text-4203035069\" class=\"text\">\n\t\t\n\n<p><strong>Auto Services France<\/strong> est le fruit de l\u2019alliance de deux professionnels aguerris du secteur des pi\u00e8ces automobiles. Apr\u00e8s plusieurs ann\u00e9es d\u2019exp\u00e9rience, ils ont choisi de conjuguer leurs expertises pour donner naissance \u00e0 ASF, une structure pens\u00e9e pour r\u00e9pondre avec pr\u00e9cision aux exigences du march\u00e9 et porter un niveau de service irr\u00e9prochable.<\/p>\n<p data-start=\"442\" data-end=\"769\">Sp\u00e9cialis\u00e9s dans les pi\u00e8ces de carrosserie, nous mettons \u00e0 profit notre parfaite connaissance du march\u00e9 pour s\u00e9lectionner et proposer des pi\u00e8ces d\u00e9tach\u00e9es automobiles alliant qualit\u00e9, fiabilit\u00e9 et comp\u00e9titivit\u00e9. Chaque r\u00e9f\u00e9rence est choisie avec exigence afin de garantir des performances optimales et une satisfaction durable.<\/p>\n<p data-start=\"771\" data-end=\"1096\">Nous accompagnons aussi bien les particuliers que les professionnels, avec une approche sur mesure, afin de r\u00e9pondre \u00e0 chaque besoin. Notre objectif est simple : vous permettre de disposer de toutes les pi\u00e8ces n\u00e9cessaires \u00e0 la r\u00e9paration et \u00e0 l\u2019entretien de votre v\u00e9hicule, pour qu\u2019il conserve en permanence son \u00e9tat optimal.<\/p>\n\t\t\n<style>\n#text-4203035069 {\n  color: rgb(0,0,0);\n}\n#text-4203035069 > * {\n  color: rgb(0,0,0);\n}\n<\/style>\n\t<\/div>\n\t\n\n\t\t<\/div>\n\t\t\t\t\t<\/div>\n\n\t\n\n<\/div>\n\n\t\t<\/div>\n\n\t\t\n<style>\n#section_1399220844 {\n  padding-top: 0px;\n  padding-bottom: 0px;\n}\n#section_1399220844 .section-bg-overlay {\n  background-color: rgba(255, 255, 255, 0.85);\n}\n<\/style>\n\t<\/section>\n\t\n<div class=\"container section-title-container\" ><h2 class=\"section-title section-title-center\"><b><\/b><span class=\"section-title-main\" style=\"color:rgb(8, 107, 173);\">Nos services = votre satisfaction<\/span><b><\/b><\/h2><\/div>\n\n\t<div id=\"text-1387381075\" class=\"text\">\n\t\t\n\n<p>C\u2019est l\u2019assurance d\u2019<strong data-start=\"471\" data-end=\"496\">optimiser votre temps<\/strong> et votre rentabilit\u00e9 avec :<\/p>\n\t\t\n<style>\n#text-1387381075 {\n  text-align: center;\n  color: #086bad;\n}\n#text-1387381075 > * {\n  color: #086bad;\n}\n<\/style>\n\t<\/div>\n\t\n<div class=\"row\"  id=\"row-1791253038\">\n\n\n\t<div id=\"col-963742817\" class=\"col medium-3 small-6 large-3\"  >\n\t\t\t\t<div class=\"col-inner\"  >\n\t\t\t\n\t\t\t\n\n\t<div class=\"box has-hover   has-hover box-text-bottom\" >\n\n\t\t<div class=\"box-image\" style=\"width:60%;\">\n\t\t\t\t\t\t<div class=\"\" >\n\t\t\t\t<img loading=\"lazy\" decoding=\"async\" width=\"512\" height=\"512\" src=\"https:\/\/autoservicesfrance.com\/wp-content\/uploads\/2026\/04\/target-copie.png\" class=\"attachment- size-\" alt=\"\" srcset=\"https:\/\/autoservicesfrance.com\/wp-content\/uploads\/2026\/04\/target-copie.png 512w, https:\/\/autoservicesfrance.com\/wp-content\/uploads\/2026\/04\/target-copie-300x300.png 300w, https:\/\/autoservicesfrance.com\/wp-content\/uploads\/2026\/04\/target-copie-150x150.png 150w\" sizes=\"auto, (max-width: 512px) 100vw, 512px\" \/>\t\t\t\t\t\t\t\t\t\t\t<\/div>\n\t\t\t\t\t<\/div>\n\n\t\t<div class=\"box-text text-center\" >\n\t\t\t<div class=\"box-text-inner\">\n\t\t\t\t\n\n\t<div id=\"text-1260857647\" class=\"text\">\n\t\t\n\n<p>Une solution cl\u00e9 en main &amp; des prix toujours comp\u00e9titifs<\/p>\n\t\t\n<style>\n#text-1260857647 {\n  color: rgb(0,0,0);\n}\n#text-1260857647 > * {\n  color: rgb(0,0,0);\n}\n<\/style>\n\t<\/div>\n\t\n\n\t\t\t<\/div>\n\t\t<\/div>\n\t<\/div>\n\t\n\n\t\t<\/div>\n\t\t\t\t\t<\/div>\n\n\t\n\n\t<div id=\"col-403804153\" class=\"col medium-3 small-6 large-3\"  >\n\t\t\t\t<div class=\"col-inner\"  >\n\t\t\t\n\t\t\t\n\n\t<div class=\"box has-hover   has-hover box-text-bottom\" >\n\n\t\t<div class=\"box-image\" style=\"width:60%;\">\n\t\t\t\t\t\t<div class=\"\" >\n\t\t\t\t<img loading=\"lazy\" decoding=\"async\" width=\"512\" height=\"512\" src=\"https:\/\/autoservicesfrance.com\/wp-content\/uploads\/2026\/04\/conversation-copie.png\" class=\"attachment- size-\" alt=\"\" srcset=\"https:\/\/autoservicesfrance.com\/wp-content\/uploads\/2026\/04\/conversation-copie.png 512w, https:\/\/autoservicesfrance.com\/wp-content\/uploads\/2026\/04\/conversation-copie-300x300.png 300w, https:\/\/autoservicesfrance.com\/wp-content\/uploads\/2026\/04\/conversation-copie-150x150.png 150w\" sizes=\"auto, (max-width: 512px) 100vw, 512px\" \/>\t\t\t\t\t\t\t\t\t\t\t<\/div>\n\t\t\t\t\t<\/div>\n\n\t\t<div class=\"box-text text-center\" >\n\t\t\t<div class=\"box-text-inner\">\n\t\t\t\t\n\n\t<div id=\"text-3821932232\" class=\"text\">\n\t\t\n\n<p>Un seul interlocuteur pour tous vos besoins sur 100% des marques<\/p>\n\t\t\n<style>\n#text-3821932232 {\n  color: rgb(0,0,0);\n}\n#text-3821932232 > * {\n  color: rgb(0,0,0);\n}\n<\/style>\n\t<\/div>\n\t\n\n\t\t\t<\/div>\n\t\t<\/div>\n\t<\/div>\n\t\n\n\t\t<\/div>\n\t\t\t\t\t<\/div>\n\n\t\n\n\t<div id=\"col-110512522\" class=\"col medium-3 small-6 large-3\"  >\n\t\t\t\t<div class=\"col-inner\"  >\n\t\t\t\n\t\t\t\n\n\t<div class=\"box has-hover   has-hover box-text-bottom\" >\n\n\t\t<div class=\"box-image\" style=\"width:60%;\">\n\t\t\t\t\t\t<div class=\"\" >\n\t\t\t\t<img loading=\"lazy\" decoding=\"async\" width=\"512\" height=\"512\" src=\"https:\/\/autoservicesfrance.com\/wp-content\/uploads\/2026\/04\/check1-copie.png\" class=\"attachment- size-\" alt=\"\" srcset=\"https:\/\/autoservicesfrance.com\/wp-content\/uploads\/2026\/04\/check1-copie.png 512w, https:\/\/autoservicesfrance.com\/wp-content\/uploads\/2026\/04\/check1-copie-300x300.png 300w, https:\/\/autoservicesfrance.com\/wp-content\/uploads\/2026\/04\/check1-copie-150x150.png 150w\" sizes=\"auto, (max-width: 512px) 100vw, 512px\" \/>\t\t\t\t\t\t\t\t\t\t\t<\/div>\n\t\t\t\t\t<\/div>\n\n\t\t<div class=\"box-text text-center\" >\n\t\t\t<div class=\"box-text-inner\">\n\t\t\t\t\n\n\t<div id=\"text-4248735449\" class=\"text\">\n\t\t\n\n<p>Une gestion simplifi\u00e9e et r\u00e9active avec le secr\u00e9tariat et la comptabilit\u00e9<\/p>\n\t\t\n<style>\n#text-4248735449 {\n  color: rgb(0,0,0);\n}\n#text-4248735449 > * {\n  color: rgb(0,0,0);\n}\n<\/style>\n\t<\/div>\n\t\n\n\t\t\t<\/div>\n\t\t<\/div>\n\t<\/div>\n\t\n\n\t\t<\/div>\n\t\t\t\t\t<\/div>\n\n\t\n\n\t<div id=\"col-906855271\" class=\"col medium-3 small-6 large-3\"  >\n\t\t\t\t<div class=\"col-inner\"  >\n\t\t\t\n\t\t\t\n\n\t<div class=\"box has-hover   has-hover box-text-bottom\" >\n\n\t\t<div class=\"box-image\" style=\"width:60%;\">\n\t\t\t\t\t\t<div class=\"\" >\n\t\t\t\t<img loading=\"lazy\" decoding=\"async\" width=\"512\" height=\"512\" src=\"https:\/\/autoservicesfrance.com\/wp-content\/uploads\/2026\/04\/logistics-management-copie.png\" class=\"attachment- size-\" alt=\"\" srcset=\"https:\/\/autoservicesfrance.com\/wp-content\/uploads\/2026\/04\/logistics-management-copie.png 512w, https:\/\/autoservicesfrance.com\/wp-content\/uploads\/2026\/04\/logistics-management-copie-300x300.png 300w, https:\/\/autoservicesfrance.com\/wp-content\/uploads\/2026\/04\/logistics-management-copie-150x150.png 150w\" sizes=\"auto, (max-width: 512px) 100vw, 512px\" \/>\t\t\t\t\t\t\t\t\t\t\t<\/div>\n\t\t\t\t\t<\/div>\n\n\t\t<div class=\"box-text text-center\" >\n\t\t\t<div class=\"box-text-inner\">\n\t\t\t\t\n\n\t<div id=\"text-970272957\" class=\"text\">\n\t\t\n\n<p>Une logistique adapt\u00e9e garantissant la qualit\u00e9 de service exig\u00e9e par nos clients<\/p>\n\t\t\n<style>\n#text-970272957 {\n  color: rgb(0,0,0);\n}\n#text-970272957 > * {\n  color: rgb(0,0,0);\n}\n<\/style>\n\t<\/div>\n\t\n\n\t\t\t<\/div>\n\t\t<\/div>\n\t<\/div>\n\t\n\n\t\t<\/div>\n\t\t\t\t\t<\/div>\n\n\t\n\n<\/div>\n\t<div id=\"gap-1468510515\" class=\"gap-element clearfix\" style=\"display:block; height:auto;\">\n\t\t\n<style>\n#gap-1468510515 {\n  padding-top: 20px;\n}\n<\/style>\n\t<\/div>\n\t\n\n<div class=\"row\"  id=\"row-1108184428\">\n\n\n\t<div id=\"col-936390234\" class=\"col medium-3 small-6 large-3\"  >\n\t\t\t\t<div class=\"col-inner\"  >\n\t\t\t\n\t\t\t\n\n\t<div class=\"img has-hover x md-x lg-x y md-y lg-y\" id=\"image_555132064\">\n\t\t\t\t\t\t\t\t<div class=\"img-inner dark\" >\n\t\t\t<img loading=\"lazy\" decoding=\"async\" width=\"1020\" height=\"263\" src=\"https:\/\/autoservicesfrance.com\/wp-content\/uploads\/2026\/04\/WhatsApp-Image-2026-03-04-at-20.13.4011-1024x264.jpeg\" class=\"attachment-large size-large\" alt=\"\" srcset=\"https:\/\/autoservicesfrance.com\/wp-content\/uploads\/2026\/04\/WhatsApp-Image-2026-03-04-at-20.13.4011-1024x264.jpeg 1024w, https:\/\/autoservicesfrance.com\/wp-content\/uploads\/2026\/04\/WhatsApp-Image-2026-03-04-at-20.13.4011-300x77.jpeg 300w, https:\/\/autoservicesfrance.com\/wp-content\/uploads\/2026\/04\/WhatsApp-Image-2026-03-04-at-20.13.4011-768x198.jpeg 768w, https:\/\/autoservicesfrance.com\/wp-content\/uploads\/2026\/04\/WhatsApp-Image-2026-03-04-at-20.13.4011-1536x396.jpeg 1536w, https:\/\/autoservicesfrance.com\/wp-content\/uploads\/2026\/04\/WhatsApp-Image-2026-03-04-at-20.13.4011.jpeg 1600w\" sizes=\"auto, (max-width: 1020px) 100vw, 1020px\" \/>\t\t\t\t\t\t\n\t\t\t\t\t<\/div>\n\t\t\t\t\t\t\t\t\n<style>\n#image_555132064 {\n  width: 80%;\n}\n<\/style>\n\t<\/div>\n\t\n\n\n\t\t<\/div>\n\t\t\t\t\t<\/div>\n\n\t\n\n\t<div id=\"col-20629852\" class=\"col medium-3 small-6 large-3\"  >\n\t\t\t\t<div class=\"col-inner\"  >\n\t\t\t\n\t\t\t\n\n<h4><span data-text-color=\"success\"><strong>D\u00c9COUVRIR<\/strong><\/span><\/h4>\n<p><a href=\"https:\/\/autoservicesfrance.com\/index.php\/a-propos\/\"><span data-text-color=\"primary\">\u00c0 propos<\/span><\/a><\/p>\n<p>\u00a0<\/p>\n\n\t\t<\/div>\n\t\t\t\t\t<\/div>\n\n\t\n\n\t<div id=\"col-758229602\" class=\"col medium-3 small-6 large-3\"  >\n\t\t\t\t<div class=\"col-inner\"  >\n\t\t\t\n\t\t\t\n\n<h4><span data-text-color=\"success\">SUPPORT<\/span><\/h4>\n<p><a href=\"https:\/\/autoservicesfrance.com\/index.php\/contact\/\"><span data-text-color=\"primary\">Contactez-nous<\/span><\/a><\/p>\n<p><span data-text-color=\"primary\">Mentions L\u00e9gales\u00a0\u00a0<\/span><\/p>\n<p><span data-text-color=\"primary\">FAQ<\/span><\/p>\n\n\t\t<\/div>\n\t\t\t\t\t<\/div>\n\n\t\n\n\t<div id=\"col-2106365084\" class=\"col medium-3 small-6 large-3\"  >\n\t\t\t\t<div class=\"col-inner\"  >\n\t\t\t\n\t\t\t\n\n<h4><span data-text-color=\"success\"><strong>TRAVAILLER AVEC NOUS<\/strong><\/span><\/h4>\n<p><span data-text-color=\"primary\">Emploi &amp; Carri\u00e8re<\/span><\/p>\n<p><span data-text-color=\"primary\">Grossites &amp; Entreprises<\/span><\/p>\n\n\t\t<\/div>\n\t\t\t\t\t<\/div>\n\n\t\n\n<\/div>\n\n\n","protected":false},"excerpt":{"rendered":"","protected":false},"author":1,"featured_media":0,"parent":0,"menu_order":0,"comment_status":"closed","ping_status":"closed","template":"page-blank.php","meta":{"footnotes":""},"class_list":["post-25","page","type-page","status-publish","hentry"],"_links":{"self":[{"href":"https:\/\/autoservicesfrance.com\/index.php\/wp-json\/wp\/v2\/pages\/25","targetHints":{"allow":["GET"]}}],"collection":[{"href":"https:\/\/autoservicesfrance.com\/index.php\/wp-json\/wp\/v2\/pages"}],"about":[{"href":"https:\/\/autoservicesfrance.com\/index.php\/wp-json\/wp\/v2\/types\/page"}],"author":[{"embeddable":true,"href":"https:\/\/autoservicesfrance.com\/index.php\/wp-json\/wp\/v2\/users\/1"}],"replies":[{"embeddable":true,"href":"https:\/\/autoservicesfrance.com\/index.php\/wp-json\/wp\/v2\/comments?post=25"}],"version-history":[{"count":15,"href":"https:\/\/autoservicesfrance.com\/index.php\/wp-json\/wp\/v2\/pages\/25\/revisions"}],"predecessor-version":[{"id":174,"href":"https:\/\/autoservicesfrance.com\/index.php\/wp-json\/wp\/v2\/pages\/25\/revisions\/174"}],"wp:attachment":[{"href":"https:\/\/autoservicesfrance.com\/index.php\/wp-json\/wp\/v2\/media?parent=25"}],"curies":[{"name":"wp","href":"https:\/\/api.w.org\/{rel}","templated":true}]}}